{"id":7204,"date":"2024-09-16T18:53:24","date_gmt":"2024-09-16T21:53:24","guid":{"rendered":"https:\/\/sociobrasil.com.br\/set\/?page_id=7204"},"modified":"2024-09-16T19:05:58","modified_gmt":"2024-09-16T22:05:58","slug":"gerenciar-seu-proprio-sistema","status":"publish","type":"page","link":"https:\/\/sociobrasil.com.br\/set\/gerenciar-seu-proprio-sistema\/","title":{"rendered":"Gerenciar seu pr\u00f3prio sistema"},"content":{"rendered":"\t\t<div data-elementor-type=\"wp-page\" data-elementor-id=\"7204\" class=\"elementor elementor-7204\" data-elementor-post-type=\"page\">\n\t\t\t\t<div class=\"elementor-element elementor-element-9bbdd32 e-flex e-con-boxed e-con e-parent\" data-id=\"9bbdd32\" data-element_type=\"container\">\n\t\t\t\t\t<div class=\"e-con-inner\">\n\t\t\t\t<div class=\"elementor-element elementor-element-b64a06d elementor-widget elementor-widget-text-editor\" data-id=\"b64a06d\" data-element_type=\"widget\" data-widget_type=\"text-editor.default\">\n\t\t\t\t<div class=\"elementor-widget-container\">\n\t\t\t\t\t\t\t<h3>Gerencie seu pr\u00f3prio sistema<\/h3><p><strong>Controle total, investimento menor<\/strong><br \/>Precisa de um site, loja virtual ou blog personalizado? Criamos a solu\u00e7\u00e3o ideal para o seu neg\u00f3cio, com um investimento acess\u00edvel e entrega r\u00e1pida. Em poucos dias, voc\u00ea ter\u00e1 seu site empresarial, e-commerce, landing page ou blog em m\u00e3os, pronto para voc\u00ea mesmo gerenciar. Com essa op\u00e7\u00e3o, voc\u00ea ter\u00e1:<\/p><ul><li>Controle total do sistema<\/li><li>Responsabilidade sobre atualiza\u00e7\u00f5es e backups<\/li><li>Tr\u00eas meses de hospedagem GR\u00c1TIS<\/li><li>Certificado digital (HTTPS) inclu\u00eddo<\/li><li>E-mails ilimitados<\/li><\/ul><p>Essa op\u00e7\u00e3o \u00e9 perfeita para quem deseja autonomia e economia. A gest\u00e3o do dia a dia \u00e9 toda sua, incluindo backups e manuten\u00e7\u00e3o. Se precisar de ajuda, estamos sempre por perto, mas o gerenciamento fica por sua conta.<\/p>\t\t\t\t\t\t<\/div>\n\t\t\t\t<\/div>\n\t\t\t\t\t<\/div>\n\t\t\t\t<\/div>\n\t\t\t\t<\/div>\n\t\t","protected":false},"excerpt":{"rendered":"<p>Gerencie seu pr\u00f3prio sistema Controle total, investimento menorPrecisa de um site, loja virtual ou blog personalizado? Criamos a solu\u00e7\u00e3o ideal para o seu neg\u00f3cio, com um investimento acess\u00edvel e entrega r\u00e1pida. Em poucos dias, voc\u00ea ter\u00e1 seu site empresarial, e-commerce, landing page ou blog em m\u00e3os, pronto para voc\u00ea mesmo gerenciar. Com essa op\u00e7\u00e3o, voc\u00ea [&hellip;]<\/p>\n","protected":false},"author":1,"featured_media":0,"parent":0,"menu_order":0,"comment_status":"closed","ping_status":"closed","template":"elementor_header_footer","meta":{"_eb_attr":"","_joinchat":[],"footnotes":""},"class_list":["post-7204","page","type-page","status-publish","hentry"],"_links":{"self":[{"href":"https:\/\/sociobrasil.com.br\/set\/wp-json\/wp\/v2\/pages\/7204","targetHints":{"allow":["GET"]}}],"collection":[{"href":"https:\/\/sociobrasil.com.br\/set\/wp-json\/wp\/v2\/pages"}],"about":[{"href":"https:\/\/sociobrasil.com.br\/set\/wp-json\/wp\/v2\/types\/page"}],"author":[{"embeddable":true,"href":"https:\/\/sociobrasil.com.br\/set\/wp-json\/wp\/v2\/users\/1"}],"replies":[{"embeddable":true,"href":"https:\/\/sociobrasil.com.br\/set\/wp-json\/wp\/v2\/comments?post=7204"}],"version-history":[{"count":10,"href":"https:\/\/sociobrasil.com.br\/set\/wp-json\/wp\/v2\/pages\/7204\/revisions"}],"predecessor-version":[{"id":7219,"href":"https:\/\/sociobrasil.com.br\/set\/wp-json\/wp\/v2\/pages\/7204\/revisions\/7219"}],"wp:attachment":[{"href":"https:\/\/sociobrasil.com.br\/set\/wp-json\/wp\/v2\/media?parent=7204"}],"curies":[{"name":"wp","href":"https:\/\/api.w.org\/{rel}","templated":true}]}}